{"id":169,"date":"2017-03-04T12:02:17","date_gmt":"2017-03-04T11:02:17","guid":{"rendered":"http:\/\/petiteescalepouget.fr\/?page_id=169"},"modified":"2025-08-09T18:42:21","modified_gmt":"2025-08-09T16:42:21","slug":"chambres-et-disponibilites","status":"publish","type":"page","link":"https:\/\/petiteescalepouget.fr\/index.php\/chambres-et-disponibilites\/","title":{"rendered":"Chambre et disponibilit\u00e9s"},"content":{"rendered":"\n<p>Les&nbsp; chambres d&rsquo;h\u00f4tes que nous mettons \u00e0 votre disposition ont un acc\u00e8s de plain pied et une vue sur le jardin ainsi que sur &nbsp;la piscine et l&rsquo;Aveyron.<\/p>\n\n\n\n<p>Vous pourrez vous connecter \u00e0 Internet par &nbsp;un acc\u00e8s WIFI gratuit<\/p>\n\n\n<div class=\"wp-block-image\">\n<figure class=\"alignright size-large is-resized\"><img loading=\"lazy\" decoding=\"async\" width=\"683\" height=\"1024\" src=\"https:\/\/petiteescalepouget.fr\/wp-content\/uploads\/2025\/08\/IMG_5275-683x1024.jpg\" alt=\"\" class=\"wp-image-513\" style=\"width:242px;height:auto\" srcset=\"https:\/\/petiteescalepouget.fr\/wp-content\/uploads\/2025\/08\/IMG_5275-683x1024.jpg 683w, https:\/\/petiteescalepouget.fr\/wp-content\/uploads\/2025\/08\/IMG_5275-200x300.jpg 200w, https:\/\/petiteescalepouget.fr\/wp-content\/uploads\/2025\/08\/IMG_5275-768x1152.jpg 768w, https:\/\/petiteescalepouget.fr\/wp-content\/uploads\/2025\/08\/IMG_5275.jpg 1000w\" sizes=\"(max-width: 683px) 100vw, 683px\" \/><\/figure><\/div>\n\n<div class=\"wp-block-image\">\n<figure class=\"alignright size-large is-resized\"><img loading=\"lazy\" decoding=\"async\" width=\"1024\" height=\"683\" src=\"https:\/\/petiteescalepouget.fr\/wp-content\/uploads\/2025\/08\/IMG_5266-1024x683.jpg\" alt=\"\" class=\"wp-image-507\" style=\"width:396px;height:auto\" srcset=\"https:\/\/petiteescalepouget.fr\/wp-content\/uploads\/2025\/08\/IMG_5266-1024x683.jpg 1024w, https:\/\/petiteescalepouget.fr\/wp-content\/uploads\/2025\/08\/IMG_5266-300x200.jpg 300w, https:\/\/petiteescalepouget.fr\/wp-content\/uploads\/2025\/08\/IMG_5266-768x512.jpg 768w, https:\/\/petiteescalepouget.fr\/wp-content\/uploads\/2025\/08\/IMG_5266.jpg 1500w\" sizes=\"(max-width: 767px) 89vw, (max-width: 1000px) 54vw, (max-width: 1071px) 543px, 580px\" \/><\/figure><\/div>\n\n\n<p class=\"has-text-align-left\"><strong>Chambre L&rsquo;AUBRAC <\/strong><\/p>\n\n\n\n<p>20 m\u00b2<\/p>\n\n\n\n<p>1 lit 160&#215;200 2 personnes<\/p>\n\n\n\n<figure class=\"wp-block-image size-large is-resized\"><img loading=\"lazy\" decoding=\"async\" width=\"1024\" height=\"683\" src=\"https:\/\/petiteescalepouget.fr\/wp-content\/uploads\/2025\/08\/IMG_5270-1024x683.jpg\" alt=\"\" class=\"wp-image-510\" style=\"width:320px;height:auto\" srcset=\"https:\/\/petiteescalepouget.fr\/wp-content\/uploads\/2025\/08\/IMG_5270-1024x683.jpg 1024w, https:\/\/petiteescalepouget.fr\/wp-content\/uploads\/2025\/08\/IMG_5270-300x200.jpg 300w, https:\/\/petiteescalepouget.fr\/wp-content\/uploads\/2025\/08\/IMG_5270-768x512.jpg 768w, https:\/\/petiteescalepouget.fr\/wp-content\/uploads\/2025\/08\/IMG_5270.jpg 1500w\" sizes=\"(max-width: 767px) 89vw, (max-width: 1000px) 54vw, (max-width: 1071px) 543px, 580px\" \/><\/figure>\n\n\n<div class=\"wp-block-image\">\n<figure class=\"alignright size-large is-resized\"><img loading=\"lazy\" decoding=\"async\" width=\"1024\" height=\"1024\" src=\"https:\/\/petiteescalepouget.fr\/wp-content\/uploads\/2025\/08\/IMG_5272-1024x1024.jpg\" alt=\"\" class=\"wp-image-511\" style=\"width:222px;height:auto\" srcset=\"https:\/\/petiteescalepouget.fr\/wp-content\/uploads\/2025\/08\/IMG_5272-1024x1024.jpg 1024w, https:\/\/petiteescalepouget.fr\/wp-content\/uploads\/2025\/08\/IMG_5272-300x300.jpg 300w, https:\/\/petiteescalepouget.fr\/wp-content\/uploads\/2025\/08\/IMG_5272-150x150.jpg 150w, https:\/\/petiteescalepouget.fr\/wp-content\/uploads\/2025\/08\/IMG_5272-768x768.jpg 768w, https:\/\/petiteescalepouget.fr\/wp-content\/uploads\/2025\/08\/IMG_5272-100x100.jpg 100w, https:\/\/petiteescalepouget.fr\/wp-content\/uploads\/2025\/08\/IMG_5272.jpg 1500w\" sizes=\"(max-width: 767px) 89vw, (max-width: 1000px) 54vw, (max-width: 1071px) 543px, 580px\" \/><\/figure><\/div>\n\n<div class=\"wp-block-image\">\n<figure class=\"aligncenter size-large is-resized\"><img loading=\"lazy\" decoding=\"async\" width=\"1024\" height=\"683\" src=\"https:\/\/petiteescalepouget.fr\/wp-content\/uploads\/2025\/08\/IMG_5269-1024x683.jpg\" alt=\"\" class=\"wp-image-509\" style=\"width:230px;height:auto\" srcset=\"https:\/\/petiteescalepouget.fr\/wp-content\/uploads\/2025\/08\/IMG_5269-1024x683.jpg 1024w, https:\/\/petiteescalepouget.fr\/wp-content\/uploads\/2025\/08\/IMG_5269-300x200.jpg 300w, https:\/\/petiteescalepouget.fr\/wp-content\/uploads\/2025\/08\/IMG_5269-768x512.jpg 768w, https:\/\/petiteescalepouget.fr\/wp-content\/uploads\/2025\/08\/IMG_5269.jpg 1500w\" sizes=\"(max-width: 767px) 89vw, (max-width: 1000px) 54vw, (max-width: 1071px) 543px, 580px\" \/><\/figure><\/div>\n\n\n<p>Salle d&rsquo;eau et wc s\u00e9par\u00e9<\/p>\n\n\n\n<div class=\"wp-block-group\"><div class=\"wp-block-group__inner-container is-layout-constrained wp-block-group-is-layout-constrained\"><\/div><\/div>\n\n\n\n<p><\/p>\n\n\n\n<p><\/p>\n\n\n\n<p><\/p>\n\n\n\n<p><\/p>\n\n\n\n<p><\/p>\n\n\n\n<p><\/p>\n\n\n\n<p><\/p>\n\n\n\n<p><strong>Chambre LA GRISE ouverture 01\/04\/2025<\/strong>  25m\u00b2<\/p>\n\n\n\n<figure class=\"wp-block-image size-large is-resized\"><img loading=\"lazy\" decoding=\"async\" width=\"1024\" height=\"683\" src=\"https:\/\/petiteescalepouget.fr\/wp-content\/uploads\/2025\/08\/IMG_5288-1024x683.jpg\" alt=\"\" class=\"wp-image-518\" style=\"width:395px;height:auto\" srcset=\"https:\/\/petiteescalepouget.fr\/wp-content\/uploads\/2025\/08\/IMG_5288-1024x683.jpg 1024w, https:\/\/petiteescalepouget.fr\/wp-content\/uploads\/2025\/08\/IMG_5288-300x200.jpg 300w, https:\/\/petiteescalepouget.fr\/wp-content\/uploads\/2025\/08\/IMG_5288-768x512.jpg 768w, https:\/\/petiteescalepouget.fr\/wp-content\/uploads\/2025\/08\/IMG_5288.jpg 1500w\" sizes=\"(max-width: 767px) 89vw, (max-width: 1000px) 54vw, (max-width: 1071px) 543px, 580px\" \/><\/figure>\n\n\n\n<p>1 chambre avec 1 lit 160&#215;200 2 personnes<img loading=\"lazy\" decoding=\"async\" class=\"\" src=\"https:\/\/petiteescalepouget.fr\/wp-content\/uploads\/2025\/01\/1000013616.jpg\" alt=\"L\u2019attribut alt de cette image est vide, son nom de fichier est 1000013616.jpg.\" width=\"257\" height=\"257\"><\/p>\n\n\n\n<p>1 salon int\u00e9rieur de la&nbsp; chambre avec table basse, 2 fauteuils et 2 poufs<\/p>\n\n\n\n<figure class=\"wp-block-image size-large is-resized\"><img loading=\"lazy\" decoding=\"async\" width=\"1024\" height=\"768\" src=\"https:\/\/petiteescalepouget.fr\/wp-content\/uploads\/2025\/08\/IMG_5290-1024x768.jpg\" alt=\"\" class=\"wp-image-519\" style=\"width:338px;height:auto\" srcset=\"https:\/\/petiteescalepouget.fr\/wp-content\/uploads\/2025\/08\/IMG_5290-1024x768.jpg 1024w, https:\/\/petiteescalepouget.fr\/wp-content\/uploads\/2025\/08\/IMG_5290-300x225.jpg 300w, https:\/\/petiteescalepouget.fr\/wp-content\/uploads\/2025\/08\/IMG_5290-768x576.jpg 768w, https:\/\/petiteescalepouget.fr\/wp-content\/uploads\/2025\/08\/IMG_5290.jpg 1500w\" sizes=\"(max-width: 767px) 89vw, (max-width: 1000px) 54vw, (max-width: 1071px) 543px, 580px\" \/><\/figure>\n\n\n<div class=\"wp-block-image\">\n<figure class=\"alignright size-large is-resized\"><img loading=\"lazy\" decoding=\"async\" width=\"683\" height=\"1024\" src=\"https:\/\/petiteescalepouget.fr\/wp-content\/uploads\/2025\/08\/IMG_5293-683x1024.jpg\" alt=\"\" class=\"wp-image-520\" style=\"width:346px;height:auto\" srcset=\"https:\/\/petiteescalepouget.fr\/wp-content\/uploads\/2025\/08\/IMG_5293-683x1024.jpg 683w, https:\/\/petiteescalepouget.fr\/wp-content\/uploads\/2025\/08\/IMG_5293-200x300.jpg 200w, https:\/\/petiteescalepouget.fr\/wp-content\/uploads\/2025\/08\/IMG_5293-768x1152.jpg 768w, https:\/\/petiteescalepouget.fr\/wp-content\/uploads\/2025\/08\/IMG_5293.jpg 1000w\" sizes=\"(max-width: 683px) 100vw, 683px\" \/><\/figure><\/div>\n\n\n<p><\/p>\n\n\n\n<p><\/p>\n\n\n\n<p><\/p>\n\n\n\n<p><\/p>\n\n\n\n<p><\/p>\n\n\n\n<p><\/p>\n\n\n\n<p><\/p>\n\n\n\n<p><\/p>\n\n\n\n<p><\/p>\n\n\n\n<p><\/p>\n\n\n\n<p><\/p>\n\n\n\n<figure class=\"wp-block-image size-large is-resized\"><img loading=\"lazy\" decoding=\"async\" width=\"683\" height=\"1024\" src=\"https:\/\/petiteescalepouget.fr\/wp-content\/uploads\/2025\/08\/IMG_5298-683x1024.jpg\" alt=\"\" class=\"wp-image-523\" style=\"width:307px;height:auto\" srcset=\"https:\/\/petiteescalepouget.fr\/wp-content\/uploads\/2025\/08\/IMG_5298-683x1024.jpg 683w, https:\/\/petiteescalepouget.fr\/wp-content\/uploads\/2025\/08\/IMG_5298-200x300.jpg 200w, https:\/\/petiteescalepouget.fr\/wp-content\/uploads\/2025\/08\/IMG_5298-768x1152.jpg 768w, https:\/\/petiteescalepouget.fr\/wp-content\/uploads\/2025\/08\/IMG_5298.jpg 1000w\" sizes=\"(max-width: 683px) 100vw, 683px\" \/><\/figure>\n\n\n\n<p>2 lits en mezzanine 80&#215;190 2 personnes ( enfant \u00e0 partir de 7 ans)<\/p>\n\n\n<div class=\"wp-block-image\">\n<figure class=\"alignright size-large is-resized\"><img loading=\"lazy\" decoding=\"async\" width=\"1024\" height=\"683\" src=\"https:\/\/petiteescalepouget.fr\/wp-content\/uploads\/2025\/08\/IMG_5315-1024x683.jpg\" alt=\"\" class=\"wp-image-531\" style=\"width:500px;height:auto\" srcset=\"https:\/\/petiteescalepouget.fr\/wp-content\/uploads\/2025\/08\/IMG_5315-1024x683.jpg 1024w, https:\/\/petiteescalepouget.fr\/wp-content\/uploads\/2025\/08\/IMG_5315-300x200.jpg 300w, https:\/\/petiteescalepouget.fr\/wp-content\/uploads\/2025\/08\/IMG_5315-768x512.jpg 768w, https:\/\/petiteescalepouget.fr\/wp-content\/uploads\/2025\/08\/IMG_5315.jpg 1500w\" sizes=\"(max-width: 767px) 89vw, (max-width: 1000px) 54vw, (max-width: 1071px) 543px, 580px\" \/><\/figure><\/div>\n\n\n<p>7m\u00b2 avec une hauteur sous plafond de 1,58m<\/p>\n\n\n\n<p><\/p>\n\n\n\n<p><\/p>\n\n\n\n<p><\/p>\n\n\n\n<p><\/p>\n\n\n\n<p><\/p>\n\n\n\n<p><\/p>\n\n\n\n<p><\/p>\n\n\n\n<p>1 salle d&rsquo;eau et 1 wc s\u00e9par\u00e9<\/p>\n\n\n\n<figure class=\"wp-block-image size-large is-resized\"><img loading=\"lazy\" decoding=\"async\" width=\"683\" height=\"1024\" src=\"https:\/\/petiteescalepouget.fr\/wp-content\/uploads\/2025\/08\/IMG_5306-683x1024.jpg\" alt=\"\" class=\"wp-image-527\" style=\"width:270px;height:auto\" srcset=\"https:\/\/petiteescalepouget.fr\/wp-content\/uploads\/2025\/08\/IMG_5306-683x1024.jpg 683w, https:\/\/petiteescalepouget.fr\/wp-content\/uploads\/2025\/08\/IMG_5306-200x300.jpg 200w, https:\/\/petiteescalepouget.fr\/wp-content\/uploads\/2025\/08\/IMG_5306-768x1152.jpg 768w, https:\/\/petiteescalepouget.fr\/wp-content\/uploads\/2025\/08\/IMG_5306.jpg 1000w\" sizes=\"(max-width: 683px) 100vw, 683px\" \/><\/figure>\n\n\n<div class=\"wp-block-image\">\n<figure class=\"alignright size-large is-resized\"><img loading=\"lazy\" decoding=\"async\" width=\"683\" height=\"1024\" src=\"https:\/\/petiteescalepouget.fr\/wp-content\/uploads\/2025\/08\/IMG_5303-683x1024.jpg\" alt=\"\" class=\"wp-image-525\" style=\"width:285px;height:auto\" srcset=\"https:\/\/petiteescalepouget.fr\/wp-content\/uploads\/2025\/08\/IMG_5303-683x1024.jpg 683w, https:\/\/petiteescalepouget.fr\/wp-content\/uploads\/2025\/08\/IMG_5303-200x300.jpg 200w, https:\/\/petiteescalepouget.fr\/wp-content\/uploads\/2025\/08\/IMG_5303-768x1152.jpg 768w, https:\/\/petiteescalepouget.fr\/wp-content\/uploads\/2025\/08\/IMG_5303.jpg 1000w\" sizes=\"(max-width: 683px) 100vw, 683px\" \/><\/figure><\/div>\n\n\n<figure class=\"wp-block-image size-large is-resized\"><img loading=\"lazy\" decoding=\"async\" width=\"683\" height=\"1024\" src=\"https:\/\/petiteescalepouget.fr\/wp-content\/uploads\/2025\/08\/IMG_5311-683x1024.jpg\" alt=\"\" class=\"wp-image-529\" style=\"width:257px;height:auto\" srcset=\"https:\/\/petiteescalepouget.fr\/wp-content\/uploads\/2025\/08\/IMG_5311-683x1024.jpg 683w, https:\/\/petiteescalepouget.fr\/wp-content\/uploads\/2025\/08\/IMG_5311-200x300.jpg 200w, https:\/\/petiteescalepouget.fr\/wp-content\/uploads\/2025\/08\/IMG_5311-768x1152.jpg 768w, https:\/\/petiteescalepouget.fr\/wp-content\/uploads\/2025\/08\/IMG_5311.jpg 1000w\" sizes=\"(max-width: 683px) 100vw, 683px\" \/><\/figure>\n\n\n\n<p><iframe loading=\"lazy\" src=\"\/\/www.cybevasion.fr\/annonces_planning.php?id_annonce=33107&amp;langue=fr\" name=\"planning\" width=\"600\" height=\"775\" frameborder=\"0\"><\/iframe><\/p>\n\n\n\n<p><\/p>\n","protected":false},"excerpt":{"rendered":"<p>Les&nbsp; chambres d&rsquo;h\u00f4tes que nous mettons \u00e0 votre disposition ont un acc\u00e8s de plain pied et une vue sur le jardin ainsi que sur &nbsp;la piscine et l&rsquo;Aveyron. Vous pourrez vous connecter \u00e0 Internet par &nbsp;un acc\u00e8s WIFI gratuit Chambre L&rsquo;AUBRAC 20 m\u00b2 1 lit 160&#215;200 2 personnes Salle d&rsquo;eau et wc s\u00e9par\u00e9 Chambre LA &hellip; <\/p>\n<p class=\"link-more\"><a href=\"https:\/\/petiteescalepouget.fr\/index.php\/chambres-et-disponibilites\/\" class=\"more-link\">Continuer la lecture<span class=\"screen-reader-text\"> de &laquo;&nbsp;Chambre et disponibilit\u00e9s&nbsp;&raquo;<\/span><\/a><\/p>\n","protected":false},"author":1,"featured_media":512,"parent":0,"menu_order":0,"comment_status":"closed","ping_status":"closed","template":"","meta":{"footnotes":""},"_links":{"self":[{"href":"https:\/\/petiteescalepouget.fr\/index.php\/wp-json\/wp\/v2\/pages\/169"}],"collection":[{"href":"https:\/\/petiteescalepouget.fr\/index.php\/wp-json\/wp\/v2\/pages"}],"about":[{"href":"https:\/\/petiteescalepouget.fr\/index.php\/wp-json\/wp\/v2\/types\/page"}],"author":[{"embeddable":true,"href":"https:\/\/petiteescalepouget.fr\/index.php\/wp-json\/wp\/v2\/users\/1"}],"replies":[{"embeddable":true,"href":"https:\/\/petiteescalepouget.fr\/index.php\/wp-json\/wp\/v2\/comments?post=169"}],"version-history":[{"count":28,"href":"https:\/\/petiteescalepouget.fr\/index.php\/wp-json\/wp\/v2\/pages\/169\/revisions"}],"predecessor-version":[{"id":574,"href":"https:\/\/petiteescalepouget.fr\/index.php\/wp-json\/wp\/v2\/pages\/169\/revisions\/574"}],"wp:featuredmedia":[{"embeddable":true,"href":"https:\/\/petiteescalepouget.fr\/index.php\/wp-json\/wp\/v2\/media\/512"}],"wp:attachment":[{"href":"https:\/\/petiteescalepouget.fr\/index.php\/wp-json\/wp\/v2\/media?parent=169"}],"curies":[{"name":"wp","href":"https:\/\/api.w.org\/{rel}","templated":true}]}}