{"id":47,"date":"2017-03-04T11:29:54","date_gmt":"2017-03-04T10:29:54","guid":{"rendered":"http:\/\/petiteescalepouget.fr\/?page_id=47"},"modified":"2017-03-25T14:37:13","modified_gmt":"2017-03-25T13:37:13","slug":"acces-2","status":"publish","type":"page","link":"https:\/\/petiteescalepouget.fr\/index.php\/acces-2\/","title":{"rendered":"Acc\u00e8s"},"content":{"rendered":"<p><strong>coordonn\u00e9es GPS<br \/>\n<\/strong><\/p>\n<p>Latitude :\u00a044.949964<img loading=\"lazy\" decoding=\"async\" class=\"size-medium wp-image-116 alignright\" src=\"https:\/\/petiteescalepouget.fr\/wp-content\/uploads\/2017\/03\/P1000593-300x169.jpg\" alt=\"\" width=\"300\" height=\"169\" srcset=\"https:\/\/petiteescalepouget.fr\/wp-content\/uploads\/2017\/03\/P1000593-300x169.jpg 300w, https:\/\/petiteescalepouget.fr\/wp-content\/uploads\/2017\/03\/P1000593.jpg 400w\" sizes=\"(max-width: 300px) 100vw, 300px\" \/><\/p>\n<p>Longitude :\u00a02.6945590000000266<\/p>\n<p>&nbsp;<\/p>\n<p><a href=\"https:\/\/www.google.fr\/maps\/@44.9481514,2.6827838,14z?hl=fr\">https:\/\/www.google.fr\/maps\/@44.9481514,2.6827838,14z?hl=fr<\/a><\/p>\n<p>&nbsp;<\/p>\n<p><strong>Par la route\u00a0<\/strong><\/p>\n<p>&#8211; de clermont-ferrand : A75 jusqu&rsquo;\u00e0 Massiac puis direction Vic-sur-C\u00e8re<\/p>\n<p>&#8211; de Clerment-ferrand ou Montpellier : A75 jusqu&rsquo;\u00e0 St Flour puis direction Pierrefort\/Lacapelle Barrez<\/p>\n<p>&#8211; d&rsquo;Aurillac<\/p>\n<p><strong>Par SNCF et taxi<\/strong><\/p>\n<p>&#8211; 15 km \u00a0 Gare de Vic-sur-c\u00e8re<\/p>\n<p>&#8211; 15 km \u00a0Taxi \u00e0 Vic-sur-C\u00e8re<\/p>\n<p><strong>commer\u00e7ants, pharmacie,m\u00e9decins,march\u00e9s<\/strong><\/p>\n<p>&#8211; 7 km Raulhac alimentation<\/p>\n<p>-15 km \u00a0Vic-sur-C\u00e8re<\/p>\n<p>&#8211; 15 km \u00a0Mur de Barrez<\/p>\n<p><strong>hyper-march\u00e9<\/strong><\/p>\n<p>-34 km d&rsquo;Aurillac<\/p>\n<p>-59 km de St Flour (A75)<\/p>\n<p><strong>Station essence<\/strong><\/p>\n<p>-15km garage Yerles Mur de Barrez<\/p>\n<p>-15km intermarch\u00e9 Vic-sur-C\u00e8re<\/p>\n<p>&nbsp;<\/p>\n","protected":false},"excerpt":{"rendered":"<p>coordonn\u00e9es GPS Latitude :\u00a044.949964 Longitude :\u00a02.6945590000000266 &nbsp; https:\/\/www.google.fr\/maps\/@44.9481514,2.6827838,14z?hl=fr &nbsp; Par la route\u00a0 &#8211; de clermont-ferrand : A75 jusqu&rsquo;\u00e0 Massiac puis direction Vic-sur-C\u00e8re &#8211; de Clerment-ferrand ou Montpellier : A75 jusqu&rsquo;\u00e0 St Flour puis direction Pierrefort\/Lacapelle Barrez &#8211; d&rsquo;Aurillac Par SNCF et taxi &#8211; 15 km \u00a0 Gare de Vic-sur-c\u00e8re &#8211; 15 km \u00a0Taxi \u00e0 Vic-sur-C\u00e8re &hellip; <\/p>\n<p class=\"link-more\"><a href=\"https:\/\/petiteescalepouget.fr\/index.php\/acces-2\/\" class=\"more-link\">Continuer la lecture<span class=\"screen-reader-text\"> de &laquo;&nbsp;Acc\u00e8s&nbsp;&raquo;<\/span><\/a><\/p>\n","protected":false},"author":1,"featured_media":0,"parent":0,"menu_order":0,"comment_status":"closed","ping_status":"closed","template":"","meta":{"footnotes":""},"_links":{"self":[{"href":"https:\/\/petiteescalepouget.fr\/index.php\/wp-json\/wp\/v2\/pages\/47"}],"collection":[{"href":"https:\/\/petiteescalepouget.fr\/index.php\/wp-json\/wp\/v2\/pages"}],"about":[{"href":"https:\/\/petiteescalepouget.fr\/index.php\/wp-json\/wp\/v2\/types\/page"}],"author":[{"embeddable":true,"href":"https:\/\/petiteescalepouget.fr\/index.php\/wp-json\/wp\/v2\/users\/1"}],"replies":[{"embeddable":true,"href":"https:\/\/petiteescalepouget.fr\/index.php\/wp-json\/wp\/v2\/comments?post=47"}],"version-history":[{"count":6,"href":"https:\/\/petiteescalepouget.fr\/index.php\/wp-json\/wp\/v2\/pages\/47\/revisions"}],"predecessor-version":[{"id":263,"href":"https:\/\/petiteescalepouget.fr\/index.php\/wp-json\/wp\/v2\/pages\/47\/revisions\/263"}],"wp:attachment":[{"href":"https:\/\/petiteescalepouget.fr\/index.php\/wp-json\/wp\/v2\/media?parent=47"}],"curies":[{"name":"wp","href":"https:\/\/api.w.org\/{rel}","templated":true}]}}