{"id":59,"date":"2017-03-01T18:13:25","date_gmt":"2017-03-01T17:13:25","guid":{"rendered":"http:\/\/petiteescalepouget.fr\/?page_id=59"},"modified":"2026-02-04T17:56:14","modified_gmt":"2026-02-04T16:56:14","slug":"tarifs","status":"publish","type":"page","link":"https:\/\/petiteescalepouget.fr\/index.php\/tarifs\/","title":{"rendered":"tarifs"},"content":{"rendered":"<div id=\"bk18\" class=\"bk-widget widget-content widget-content-043VSQ\">\n<p><img loading=\"lazy\" decoding=\"async\" class=\"wp-image-588 alignleft\" src=\"https:\/\/petiteescalepouget.fr\/wp-content\/uploads\/2026\/02\/Tour_de_France_logo.svg_-300x300.png\" alt=\"\" width=\"142\" height=\"142\" srcset=\"https:\/\/petiteescalepouget.fr\/wp-content\/uploads\/2026\/02\/Tour_de_France_logo.svg_-300x300.png 300w, https:\/\/petiteescalepouget.fr\/wp-content\/uploads\/2026\/02\/Tour_de_France_logo.svg_-150x150.png 150w, https:\/\/petiteescalepouget.fr\/wp-content\/uploads\/2026\/02\/Tour_de_France_logo.svg_-100x100.png 100w, https:\/\/petiteescalepouget.fr\/wp-content\/uploads\/2026\/02\/Tour_de_France_logo.svg_.png 330w\" sizes=\"(max-width: 142px) 100vw, 142px\" \/><\/p>\n<p><span style=\"color: #ffff00;\">Pendant le Tour de France, le 14\/07\/2026, le s\u00e9jour sera de 2 nuits minimum du 13\/07 soir au 15\/07 matin . De m\u00eame, les 2 chambres pourront \u00eatre lou\u00e9es s\u00e9par\u00e9ment, de ce fait , le salon et la salle du petit d\u00e9jeuner ne seront pas privatifs.\u00a0\u00a0<\/span><\/p>\n<p><span style=\"color: #ffff00;\">Tarif\u00a0 des 2 jours:<\/span><\/p>\n<p><span style=\"color: #ffff00;\">\u00a0 \u00a0 \u00a0 \u00a0 \u00a0 \u00a0 \u00a0 \u00a0 \u00a0 \u00a0 \u00a0 \u00a0 \u00a0 \u00a0 \u00a0 \u00a0 \u00a0 \u00a0chambre Aubrac 2 personnes : 170\u20ac<\/span><\/p>\n<p><span style=\"color: #ffff00;\">\u00a0 \u00a0 \u00a0 \u00a0 \u00a0 \u00a0 \u00a0 \u00a0 \u00a0 \u00a0 \u00a0 \u00a0 \u00a0 \u00a0 \u00a0 \u00a0 \u00a0 \u00a0 \u00a0 \u00a0chambre Grise\u00a0 \u00a0 2 personnes : 184\u20ac<\/span><\/p>\n<p><span style=\"color: #ffff00;\">\u00a0 \u00a0 \u00a0 \u00a0 \u00a0 \u00a0 \u00a0 \u00a0 \u00a0 \u00a0 \u00a0 \u00a0 \u00a0 \u00a0 \u00a0 \u00a0 \u00a0 \u00a0 \u00a0 \u00a0 \u00a0 \u00a0 \u00a0 \u00a0 \u00a0 \u00a0 \u00a0 \u00a0 \u00a0 \u00a0 \u00a0 \u00a0 \u00a0 \u00a03 personnes : 230\u20ac<\/span><\/p>\n<p><span style=\"color: #ffff00;\">\u00a0 \u00a0 \u00a0 \u00a0 \u00a0 \u00a0 \u00a0 \u00a0 \u00a0 \u00a0 \u00a0 \u00a0 \u00a0 \u00a0 \u00a0 \u00a0 \u00a0 \u00a0 \u00a0 \u00a0 \u00a0 \u00a0 \u00a0 \u00a0 \u00a0 \u00a0 \u00a0 \u00a0 \u00a0 \u00a0 \u00a0 \u00a0 \u00a0 \u00a04 personnes :\u00a0 276\u20ac\u00a0<\/span><\/p>\n<p><span style=\"color: #ffff00;\">\u00a0 \u00a0 \u00a0 \u00a0 \u00a0 \u00a0 \u00a0 \u00a0 \u00a0 \u00a0 \u00a0 \u00a0 \u00a0 \u00a0 \u00a0 \u00a0 \u00a0 \u00a0 \u00a0 Les 2 chambres, il faut ajouter les 2 tarifs ci-dessus\u00a0 \u00a0 \u00a0 \u00a0 \u00a0 \u00a0 \u00a0 \u00a0 \u00a0 \u00a0 \u00a0 \u00a0 \u00a0 \u00a0 \u00a0 \u00a0 \u00a0 \u00a0 \u00a0 \u00a0 \u00a0 \u00a0 \u00a0 \u00a0 \u00a0 \u00a0 \u00a0 \u00a0 \u00a0 \u00a0 \u00a0suivant le nombre de personnes<\/span><\/p>\n<p>Les tarifs des chambres comprennent<\/p>\n<p>&#8211; La salle du petit-d\u00e9jeuner et le salon en acc\u00e8s privatif donc \u00e0 votre seul usage <b>26m\u00b2<\/b><\/p>\n<p>-Les petit-d\u00e9jeuner<\/p>\n<p>-Les taxes de s\u00e9jour<\/p>\n<p>Ensuite au niveau des chambres vous aurez le choix:<\/p>\n<p>-La chambre Aubrac pour 2 personnes <b>20m\u00b2<\/b><\/p>\n<p>Ou<\/p>\n<p>-La chambre Grise pour 2, 3 ou 4 personnes\u00a0 <strong>32m\u00b2<\/strong><\/p>\n<p>Ou<\/p>\n<p>-Les 2 chambres<strong>\u00a0<\/strong><\/p>\n<p>Vous disposerez donc d\u2019un v\u00e9ritable espace de vie\u00a0au minimum de <b>46m\u00b2\u00a0<\/b><\/p>\n<p>Les tarifs hiver sont valables du 01\/01 au 30\/04 et du 01\/11 au 31\/12<\/p>\n<p>Les tarifs \u00e9t\u00e9 sont valables du 01\/05 au 31\/10<\/p>\n<p><strong>Chambre Aubrac<\/strong> :<\/p>\n<p>Tarif \u00e9t\u00e9 2 personnes :\u00a0 83\u20ac la nuit<\/p>\n<p>Tarif hiver\u00a0 2 personnes: 88\u20ac la nuit<\/p>\n<p><strong>Chambre Grise ouverture 01\/04\/2025<\/strong><\/p>\n<p>Tarif \u00e9t\u00e9 2 personnes : 90\u20ac la nuit<\/p>\n<p>3 personnes : 113\u20ac la nuit<\/p>\n<p>4 personnes : 136\u20ac la nuit<\/p>\n<p>Tarif hiver 2 personnes : 95\u20ac la nuit<\/p>\n<p>3 personnes : 118\u20ac la nuit<\/p>\n<p>4 personnes : 141\u20ac la nuit<\/p>\n<p>&nbsp;<\/p>\n<\/div>\n<div id=\"bk19\" class=\"bk-widget widget-content widget-content-7747Z8\">\n<p style=\"text-align: center;\">Vous d\u00e9sirez faire un cadeau \u00e0 un proche ou un ami<\/p>\n<p style=\"text-align: center;\">alors\u00a0 le bon cadeau pour un s\u00e9jour est le moyen de faire plaisir<\/p>\n<figure id=\"attachment_349\" aria-describedby=\"caption-attachment-349\" style=\"width: 300px\" class=\"wp-caption aligncenter\"><img loading=\"lazy\" decoding=\"async\" class=\"size-medium wp-image-349\" src=\"https:\/\/petiteescalepouget.fr\/wp-content\/uploads\/2018\/01\/P1030830-300x169.jpg\" alt=\"\" width=\"300\" height=\"169\" srcset=\"https:\/\/petiteescalepouget.fr\/wp-content\/uploads\/2018\/01\/P1030830-300x169.jpg 300w, https:\/\/petiteescalepouget.fr\/wp-content\/uploads\/2018\/01\/P1030830.jpg 432w\" sizes=\"(max-width: 300px) 100vw, 300px\" \/><figcaption id=\"caption-attachment-349\" class=\"wp-caption-text\">bon cadeau<\/figcaption><\/figure>\n<p style=\"text-align: center;\">n&rsquo;h\u00e9sitez pas et demandez le lors de votre r\u00e9servation sans suppl\u00e9ment<\/p>\n<p>&nbsp;<\/p>\n<\/div>\n","protected":false},"excerpt":{"rendered":"<p>Pendant le Tour de France, le 14\/07\/2026, le s\u00e9jour sera de 2 nuits minimum du 13\/07 soir au 15\/07 matin . De m\u00eame, les 2 chambres pourront \u00eatre lou\u00e9es s\u00e9par\u00e9ment, de ce fait , le salon et la salle du petit d\u00e9jeuner ne seront pas privatifs.\u00a0\u00a0 Tarif\u00a0 des 2 jours: \u00a0 \u00a0 \u00a0 \u00a0 \u00a0 &hellip; <\/p>\n<p class=\"link-more\"><a href=\"https:\/\/petiteescalepouget.fr\/index.php\/tarifs\/\" class=\"more-link\">Continuer la lecture<span class=\"screen-reader-text\"> de &laquo;&nbsp;tarifs&nbsp;&raquo;<\/span><\/a><\/p>\n","protected":false},"author":1,"featured_media":489,"parent":0,"menu_order":0,"comment_status":"closed","ping_status":"closed","template":"","meta":{"footnotes":""},"_links":{"self":[{"href":"https:\/\/petiteescalepouget.fr\/index.php\/wp-json\/wp\/v2\/pages\/59"}],"collection":[{"href":"https:\/\/petiteescalepouget.fr\/index.php\/wp-json\/wp\/v2\/pages"}],"about":[{"href":"https:\/\/petiteescalepouget.fr\/index.php\/wp-json\/wp\/v2\/types\/page"}],"author":[{"embeddable":true,"href":"https:\/\/petiteescalepouget.fr\/index.php\/wp-json\/wp\/v2\/users\/1"}],"replies":[{"embeddable":true,"href":"https:\/\/petiteescalepouget.fr\/index.php\/wp-json\/wp\/v2\/comments?post=59"}],"version-history":[{"count":25,"href":"https:\/\/petiteescalepouget.fr\/index.php\/wp-json\/wp\/v2\/pages\/59\/revisions"}],"predecessor-version":[{"id":593,"href":"https:\/\/petiteescalepouget.fr\/index.php\/wp-json\/wp\/v2\/pages\/59\/revisions\/593"}],"wp:featuredmedia":[{"embeddable":true,"href":"https:\/\/petiteescalepouget.fr\/index.php\/wp-json\/wp\/v2\/media\/489"}],"wp:attachment":[{"href":"https:\/\/petiteescalepouget.fr\/index.php\/wp-json\/wp\/v2\/media?parent=59"}],"curies":[{"name":"wp","href":"https:\/\/api.w.org\/{rel}","templated":true}]}}