{"id":61,"date":"2017-03-01T18:13:25","date_gmt":"2017-03-01T17:13:25","guid":{"rendered":"http:\/\/petiteescalepouget.fr\/?page_id=61"},"modified":"2022-12-09T15:45:24","modified_gmt":"2022-12-09T14:45:24","slug":"repas","status":"publish","type":"page","link":"https:\/\/petiteescalepouget.fr\/index.php\/repas\/","title":{"rendered":"Repas"},"content":{"rendered":"<section id=\"bk15\" class=\"control-row theme-row-header2 \">\n<div class=\"control-row-content\">\n<div id=\"bk16\" class=\"bk-widget widget-columns widget-columns-ECHHRL\">\n<div id=\"bk17\" class=\"control-zone widget-columns-column widget-columns-column-43CYF0\">\n<div class=\"widget-columns-column-padding bk-first bk-last\">\n<div id=\"bk18\" class=\"bk-widget widget-content widget-content-043VSQ\">\n<p>A la petite escale du Pouget, point de repas mais aucune inqui\u00e9tude, dans le village vous attendent de bonnes tables suivant vos envies. Nous pouvons nous occuper \u00a0de vos r\u00e9servations .<\/p>\n<\/div>\n<div id=\"bk20\" class=\"control-zone widget-columns-column widget-columns-column-LQ0ENI\"><\/div>\n<div id=\"bk22\" class=\"control-zone widget-columns-column widget-columns-column-450380\">\n<div class=\"widget-columns-column-padding bk-last\">\n<div id=\"bk23\" class=\"bk-widget widget-content widget-content-7747Z8\">\n<p style=\"text-align: right;\"><strong>\u00a0L&rsquo;auberge des montagnes<img loading=\"lazy\" decoding=\"async\" class=\"alignnone size-full wp-image-319\" src=\"https:\/\/petiteescalepouget.fr\/wp-content\/uploads\/2017\/11\/DSC00012.jpg\" alt=\"\" width=\"202\" height=\"153\" \/><\/strong><\/p>\n<p><span style=\"font-size: 1rem;\">\u00a0<\/span><\/p>\n<\/div>\n<\/div>\n<\/div>\n<div id=\"bk27\" class=\"control-zone widget-columns-column widget-columns-column-C869JN\">\n<div class=\"widget-columns-column-padding bk-last\">\n<div id=\"bk28\" class=\"bk-widget widget-content widget-content-50WQB3\">\n<p><strong>Chez Jeannine<img loading=\"lazy\" decoding=\"async\" class=\"size-medium wp-image-318 alignright\" src=\"https:\/\/petiteescalepouget.fr\/wp-content\/uploads\/2017\/11\/P1010817-300x169.jpg\" alt=\"\" width=\"300\" height=\"169\" srcset=\"https:\/\/petiteescalepouget.fr\/wp-content\/uploads\/2017\/11\/P1010817-300x169.jpg 300w, https:\/\/petiteescalepouget.fr\/wp-content\/uploads\/2017\/11\/P1010817.jpg 400w\" sizes=\"(max-width: 300px) 100vw, 300px\" \/><\/strong><\/p>\n<p>Snack bar du village o\u00f9 vous pourrez d\u00e9guster\u00a0une cuisine familiale<\/p>\n<\/div>\n<\/div>\n<\/div>\n<p>&nbsp;<\/p>\n<p>&nbsp;<\/p>\n<p>d&rsquo;autres tables vous seront communiqu\u00e9es lors de votre r\u00e9servation<strong>.<\/strong><\/p>\n<p>Si vous pr\u00e9f\u00e9rez rester \u00e0 la\u00a0Petite Escale, vous pourrez prendre votre encas dans la\u00a0salle du petit-d\u00e9jeuner ou sur la terrasse. Un r\u00e9frig\u00e9rateur et un \u00a0micro-onde \u00a0sont \u00e0 votre disposition mais cela n&rsquo;est pas une cuisine juste un confort pour vous permettre de manger sur place.<\/p>\n<p>Nous comptons par contre sur nos h\u00f4tes pour ne pas manger dans les chambres.<\/p>\n<\/div>\n<\/div>\n<\/div>\n<\/div>\n<\/section>\n<section id=\"bk34\" class=\"control-row theme-row-main row-main\">\n<p class=\"control-row-content\">\n<\/section>\n<section id=\"bk39\" class=\"control-row theme-row-footer row-footer\">\n<div class=\"control-row-content\"><\/div>\n<\/section>\n","protected":false},"excerpt":{"rendered":"<p>A la petite escale du Pouget, point de repas mais aucune inqui\u00e9tude, dans le village vous attendent de bonnes tables suivant vos envies. Nous pouvons nous occuper \u00a0de vos r\u00e9servations . \u00a0L&rsquo;auberge des montagnes \u00a0 Chez Jeannine Snack bar du village o\u00f9 vous pourrez d\u00e9guster\u00a0une cuisine familiale &nbsp; &nbsp; d&rsquo;autres tables vous seront communiqu\u00e9es lors &hellip; <\/p>\n<p class=\"link-more\"><a href=\"https:\/\/petiteescalepouget.fr\/index.php\/repas\/\" class=\"more-link\">Continuer la lecture<span class=\"screen-reader-text\"> de &laquo;&nbsp;Repas&nbsp;&raquo;<\/span><\/a><\/p>\n","protected":false},"author":1,"featured_media":0,"parent":0,"menu_order":0,"comment_status":"closed","ping_status":"closed","template":"","meta":{"footnotes":""},"_links":{"self":[{"href":"https:\/\/petiteescalepouget.fr\/index.php\/wp-json\/wp\/v2\/pages\/61"}],"collection":[{"href":"https:\/\/petiteescalepouget.fr\/index.php\/wp-json\/wp\/v2\/pages"}],"about":[{"href":"https:\/\/petiteescalepouget.fr\/index.php\/wp-json\/wp\/v2\/types\/page"}],"author":[{"embeddable":true,"href":"https:\/\/petiteescalepouget.fr\/index.php\/wp-json\/wp\/v2\/users\/1"}],"replies":[{"embeddable":true,"href":"https:\/\/petiteescalepouget.fr\/index.php\/wp-json\/wp\/v2\/comments?post=61"}],"version-history":[{"count":7,"href":"https:\/\/petiteescalepouget.fr\/index.php\/wp-json\/wp\/v2\/pages\/61\/revisions"}],"predecessor-version":[{"id":421,"href":"https:\/\/petiteescalepouget.fr\/index.php\/wp-json\/wp\/v2\/pages\/61\/revisions\/421"}],"wp:attachment":[{"href":"https:\/\/petiteescalepouget.fr\/index.php\/wp-json\/wp\/v2\/media?parent=61"}],"curies":[{"name":"wp","href":"https:\/\/api.w.org\/{rel}","templated":true}]}}