{"id":65,"date":"2017-03-01T18:13:25","date_gmt":"2017-03-01T17:13:25","guid":{"rendered":"http:\/\/petiteescalepouget.fr\/?page_id=65"},"modified":"2017-03-25T13:49:40","modified_gmt":"2017-03-25T12:49:40","slug":"conditions-generales-de-vente","status":"publish","type":"page","link":"https:\/\/petiteescalepouget.fr\/index.php\/conditions-generales-de-vente\/","title":{"rendered":"Conditions g\u00e9n\u00e9rales de vente"},"content":{"rendered":"<p><strong>R\u00e9servations<\/strong><br \/>\nToute r\u00e9servation de chambre devra \u00eatre confirm\u00e9e par email ou par courrier postal.\u00a0 Les r\u00e9servations ne sont consid\u00e9r\u00e9es fermes qu&rsquo;apr\u00e8s le r\u00e8glement d&rsquo;un acompte de 25% du montant du s\u00e9jour, d\u00e9ductible \u00e0 la fin du s\u00e9jour.<\/p>\n<p><strong>Annulations<\/strong><br \/>\nEn cas de d\u00e9sistement de votre part moins de 15 jours avant le d\u00e9but du s\u00e9jour, l&rsquo;acompte est conserv\u00e9. Moins de 72 heures avant le s\u00e9jour, la totalit\u00e9 du s\u00e9jour reste due.<\/p>\n<p><strong>S\u00e9jours \u00e9court\u00e9s<\/strong><br \/>\nToute interruption de s\u00e9jour entra\u00eenera la facturation des nuit\u00e9es non consomm\u00e9es.<\/p>\n<p><strong>Arriv\u00e9es<\/strong><br \/>\nLes arriv\u00e9es sont traditionnellement attendues entre 17 heures et 19 heures, pour une arriv\u00e9e plus t\u00f4t ou plus tardive, merci de nous pr\u00e9venir.Votre chambre devra \u00eatre lib\u00e9r\u00e9e le jour de votre d\u00e9part au plus tard \u00e0 11 h 00.<\/p>\n<p>Nos amis les animaux ne sont pas admis<\/p>\n<p>Votre r\u00e9servation vaut pour acceptation des clauses g\u00e9n\u00e9rales de vente.<\/p>\n","protected":false},"excerpt":{"rendered":"<p>R\u00e9servations Toute r\u00e9servation de chambre devra \u00eatre confirm\u00e9e par email ou par courrier postal.\u00a0 Les r\u00e9servations ne sont consid\u00e9r\u00e9es fermes qu&rsquo;apr\u00e8s le r\u00e8glement d&rsquo;un acompte de 25% du montant du s\u00e9jour, d\u00e9ductible \u00e0 la fin du s\u00e9jour. Annulations En cas de d\u00e9sistement de votre part moins de 15 jours avant le d\u00e9but du s\u00e9jour, l&rsquo;acompte &hellip; <\/p>\n<p class=\"link-more\"><a href=\"https:\/\/petiteescalepouget.fr\/index.php\/conditions-generales-de-vente\/\" class=\"more-link\">Continuer la lecture<span class=\"screen-reader-text\"> de &laquo;&nbsp;Conditions g\u00e9n\u00e9rales de vente&nbsp;&raquo;<\/span><\/a><\/p>\n","protected":false},"author":1,"featured_media":0,"parent":0,"menu_order":0,"comment_status":"closed","ping_status":"closed","template":"","meta":{"footnotes":""},"_links":{"self":[{"href":"https:\/\/petiteescalepouget.fr\/index.php\/wp-json\/wp\/v2\/pages\/65"}],"collection":[{"href":"https:\/\/petiteescalepouget.fr\/index.php\/wp-json\/wp\/v2\/pages"}],"about":[{"href":"https:\/\/petiteescalepouget.fr\/index.php\/wp-json\/wp\/v2\/types\/page"}],"author":[{"embeddable":true,"href":"https:\/\/petiteescalepouget.fr\/index.php\/wp-json\/wp\/v2\/users\/1"}],"replies":[{"embeddable":true,"href":"https:\/\/petiteescalepouget.fr\/index.php\/wp-json\/wp\/v2\/comments?post=65"}],"version-history":[{"count":3,"href":"https:\/\/petiteescalepouget.fr\/index.php\/wp-json\/wp\/v2\/pages\/65\/revisions"}],"predecessor-version":[{"id":242,"href":"https:\/\/petiteescalepouget.fr\/index.php\/wp-json\/wp\/v2\/pages\/65\/revisions\/242"}],"wp:attachment":[{"href":"https:\/\/petiteescalepouget.fr\/index.php\/wp-json\/wp\/v2\/media?parent=65"}],"curies":[{"name":"wp","href":"https:\/\/api.w.org\/{rel}","templated":true}]}}