{"id":7,"date":"2017-02-28T16:08:33","date_gmt":"2017-02-28T15:08:33","guid":{"rendered":"http:\/\/petiteescalepouget.fr\/?page_id=7"},"modified":"2026-02-04T17:33:30","modified_gmt":"2026-02-04T16:33:30","slug":"accueil","status":"publish","type":"page","link":"https:\/\/petiteescalepouget.fr\/","title":{"rendered":"Accueil"},"content":{"rendered":"<p><span style=\"color: #ffff00;\"><strong>Bonjour \u00e0 tous,<\/strong><\/span><\/p>\n<p><strong style=\"color: #ffff00;\"><img loading=\"lazy\" decoding=\"async\" class=\"wp-image-588 alignleft\" src=\"https:\/\/petiteescalepouget.fr\/wp-content\/uploads\/2026\/02\/Tour_de_France_logo.svg_-300x300.png\" alt=\"\" width=\"132\" height=\"132\" srcset=\"https:\/\/petiteescalepouget.fr\/wp-content\/uploads\/2026\/02\/Tour_de_France_logo.svg_-300x300.png 300w, https:\/\/petiteescalepouget.fr\/wp-content\/uploads\/2026\/02\/Tour_de_France_logo.svg_-150x150.png 150w, https:\/\/petiteescalepouget.fr\/wp-content\/uploads\/2026\/02\/Tour_de_France_logo.svg_-100x100.png 100w, https:\/\/petiteescalepouget.fr\/wp-content\/uploads\/2026\/02\/Tour_de_France_logo.svg_.png 330w\" sizes=\"(max-width: 132px) 100vw, 132px\" \/><\/strong><\/p>\n<p><span style=\"color: #ffff00;\"><strong>Vous \u00eates un fan du Tour de France, alors pas d&rsquo;h\u00e9sitation, il faut venir \u00e0 Pailherols et plus particuli\u00e8rement \u00e0 la petite escale du Pouget pour y s\u00e9journer pendant cet \u00e9v\u00e8nement 2026. Le passage des v\u00e9los le 14\/07\/2026 se fera dans le village et devant la chambre d&rsquo;h\u00f4tes.<\/strong><\/span><\/p>\n<p>La petite escale du Pouget\u00a0 est id\u00e9ale pour se ressourcer\u00a0 avec son entr\u00e9e ind\u00e9pendante qui m\u00e8ne directement aux chambres en passant par un petit salon et la salle du petit d\u00e9jeuner en usage privatif<\/p>\n<p>Aux portes des alpages du Cantal en \u00a0Auvergne \u00a0\u00e0\u00a01080 m\u00a0se niche le hameau du Pouget\u00a0situ\u00e9 \u00e0 1 km\u00a0du joli\u00a0petit village de\u00a0Pailherols pr\u00e8s de Vic-sur-C\u00e8re.\u00a0\u00a0C&rsquo;est l\u00e0\u00a0que nous avons pos\u00e9 nos\u00a0\u00a0valises\u00a0pour une\u00a0petite escale et nous y\u00a0\u00a0sommes\u00a0rest\u00e9s.<\/p>\n<p>La situation g\u00e9ographique de nos\u00a0\u00a0chambres d&rsquo;h\u00f4tes au sud du\u00a0\u00a0Cantal\u00a0nous ouvre les portes de\u00a0\u00a0l&rsquo;Aveyron \u00e0 quelques\u00a0kilom\u00e8tres.<\/p>\n<p style=\"text-align: left;\">Venez d\u00e9couvrir les paysages de campagne\u00a0\u00a0mais aussi de montagnes verdoyantes l&rsquo;\u00e9t\u00e9\u00a0et blanches de neige l&rsquo;hiver.\u00a0Nous serons ravis de vous accueillir durant\u00a0votre s\u00e9jour cantalien \u00a0dans une grange\u00a0datant de 1882 qui abritait des vaches il y a\u00a0encore peu d&rsquo;ann\u00e9es.\u00a0Cet h\u00e9bergement vous permet de d\u00e9couvrir\u00a0les r\u00e9novations que nous avons r\u00e9alis\u00e9es\u00a0pour le plaisir des yeux et des sens. Il ne faut pas oublier la gastronomie\u00a0auvergnate \u00e0 base de fromage, charcuterie\u00a0et viande bovine de tr\u00e8s grande qualit\u00e9 que vous pourrez d\u00e9gustez dans les \u00e9tablissements du village.<\/p>\n<p style=\"text-align: center;\">Au plaisir de vous accueillir<\/p>\n<p style=\"text-align: center;\">\u00a0Claudine et Olivier<\/p>\n<p><a href=\"https:\/\/www.charme-traditions.com\/fr\/chambres-d-hotes\/388\/cantal\/1img%20style=border:%20solid%200px;%20src=https:\/\/www.charme-traditions.com\/images\/membre-charme-traditions_w.png%20alt=chambres%20hotes%20Cantal\/a\"><img loading=\"lazy\" decoding=\"async\" class=\"aligncenter wp-image-98\" src=\"https:\/\/petiteescalepouget.fr\/wp-content\/uploads\/2017\/03\/cybevasion.png\" alt=\"\" width=\"142\" height=\"50\" \/><\/a><\/p>\n<p><a href=\"https:\/\/www.chambres-hotes.fr\/\" target=\"_blank\" rel=\"noopener\"><img decoding=\"async\" class=\"aligncenter\" title=\"Guide de chambres d'h\u00f4tes en France\" src=\"https:\/\/www.cybevasion.fr\/adherents\/logos\/200x40_chdh_blanc-33107.png\" border=\"0\" \/><\/a><\/p>\n","protected":false},"excerpt":{"rendered":"<p>Bonjour \u00e0 tous, Vous \u00eates un fan du Tour de France, alors pas d&rsquo;h\u00e9sitation, il faut venir \u00e0 Pailherols et plus particuli\u00e8rement \u00e0 la petite escale du Pouget pour y s\u00e9journer pendant cet \u00e9v\u00e8nement 2026. Le passage des v\u00e9los le 14\/07\/2026 se fera dans le village et devant la chambre d&rsquo;h\u00f4tes. La petite escale du &hellip; <\/p>\n<p class=\"link-more\"><a href=\"https:\/\/petiteescalepouget.fr\/\" class=\"more-link\">Continuer la lecture<span class=\"screen-reader-text\"> de &laquo;&nbsp;Accueil&nbsp;&raquo;<\/span><\/a><\/p>\n","protected":false},"author":1,"featured_media":492,"parent":0,"menu_order":0,"comment_status":"closed","ping_status":"closed","template":"","meta":{"footnotes":""},"_links":{"self":[{"href":"https:\/\/petiteescalepouget.fr\/index.php\/wp-json\/wp\/v2\/pages\/7"}],"collection":[{"href":"https:\/\/petiteescalepouget.fr\/index.php\/wp-json\/wp\/v2\/pages"}],"about":[{"href":"https:\/\/petiteescalepouget.fr\/index.php\/wp-json\/wp\/v2\/types\/page"}],"author":[{"embeddable":true,"href":"https:\/\/petiteescalepouget.fr\/index.php\/wp-json\/wp\/v2\/users\/1"}],"replies":[{"embeddable":true,"href":"https:\/\/petiteescalepouget.fr\/index.php\/wp-json\/wp\/v2\/comments?post=7"}],"version-history":[{"count":29,"href":"https:\/\/petiteescalepouget.fr\/index.php\/wp-json\/wp\/v2\/pages\/7\/revisions"}],"predecessor-version":[{"id":590,"href":"https:\/\/petiteescalepouget.fr\/index.php\/wp-json\/wp\/v2\/pages\/7\/revisions\/590"}],"wp:featuredmedia":[{"embeddable":true,"href":"https:\/\/petiteescalepouget.fr\/index.php\/wp-json\/wp\/v2\/media\/492"}],"wp:attachment":[{"href":"https:\/\/petiteescalepouget.fr\/index.php\/wp-json\/wp\/v2\/media?parent=7"}],"curies":[{"name":"wp","href":"https:\/\/api.w.org\/{rel}","templated":true}]}}